{"id":454,"date":"2023-05-09T19:32:05","date_gmt":"2023-05-09T19:32:05","guid":{"rendered":"http:\/\/targeteventos.com.s111-117.furanet.com\/?page_id=454"},"modified":"2023-07-05T08:34:15","modified_gmt":"2023-07-05T08:34:15","slug":"prensa","status":"publish","type":"page","link":"https:\/\/targeteventos.com\/en\/prensa\/","title":{"rendered":"Prensa"},"content":{"rendered":"<div data-elementor-type=\"wp-page\" data-elementor-id=\"454\" class=\"elementor elementor-454\" data-elementor-post-type=\"page\">\n\t\t\t\t\t\t<section class=\"elementor-section elementor-top-section elementor-element elementor-element-5dc69932 elementor-section-height-min-height elementor-section-boxed elementor-section-height-default elementor-section-items-middle\" data-id=\"5dc69932\" data-element_type=\"section\" data-e-type=\"section\" data-settings=\"{&quot;background_background&quot;:&quot;classic&quot;}\">\n\t\t\t\t\t\t\t<div class=\"elementor-background-overlay\"><\/div>\n\t\t\t\t\t\t\t<div class=\"elementor-container elementor-column-gap-default\">\n\t\t\t\t\t<div class=\"elementor-column elementor-col-100 elementor-top-column elementor-element elementor-element-7db45ce8\" data-id=\"7db45ce8\" data-element_type=\"column\" data-e-type=\"column\">\n\t\t\t<div class=\"elementor-widget-wrap elementor-element-populated\">\n\t\t\t\t\t\t<div class=\"elementor-element elementor-element-1728269c elementor-widget elementor-widget-heading\" data-id=\"1728269c\" data-element_type=\"widget\" data-e-type=\"widget\" data-widget_type=\"heading.default\">\n\t\t\t\t<div class=\"elementor-widget-container\">\n\t\t\t\t\t<h2 class=\"elementor-heading-title elementor-size-default\">Prensa<\/h2>\t\t\t\t<\/div>\n\t\t\t\t<\/div>\n\t\t\t\t\t<\/div>\n\t\t<\/div>\n\t\t\t\t\t<\/div>\n\t\t<\/section>\n\t\t\t\t<section class=\"elementor-section elementor-top-section elementor-element elementor-element-3d02cf42 elementor-section-boxed elementor-section-height-default elementor-section-height-default\" data-id=\"3d02cf42\" data-element_type=\"section\" data-e-type=\"section\" data-settings=\"{&quot;background_background&quot;:&quot;classic&quot;}\">\n\t\t\t\t\t\t<div class=\"elementor-container elementor-column-gap-default\">\n\t\t\t\t\t<div class=\"elementor-column elementor-col-50 elementor-top-column elementor-element elementor-element-dc77df4\" data-id=\"dc77df4\" data-element_type=\"column\" data-e-type=\"column\">\n\t\t\t<div class=\"elementor-widget-wrap\">\n\t\t\t\t\t\t\t<\/div>\n\t\t<\/div>\n\t\t\t\t<div class=\"elementor-column elementor-col-50 elementor-top-column elementor-element elementor-element-4f08442\" data-id=\"4f08442\" data-element_type=\"column\" data-e-type=\"column\">\n\t\t\t<div class=\"elementor-widget-wrap\">\n\t\t\t\t\t\t\t<\/div>\n\t\t<\/div>\n\t\t\t\t\t<\/div>\n\t\t<\/section>\n\t\t\t\t<section class=\"elementor-section elementor-top-section elementor-element elementor-element-54eebaf1 elementor-section-boxed elementor-section-height-default elementor-section-height-default\" data-id=\"54eebaf1\" data-element_type=\"section\" data-e-type=\"section\" data-settings=\"{&quot;background_background&quot;:&quot;classic&quot;}\">\n\t\t\t\t\t\t<div class=\"elementor-container elementor-column-gap-default\">\n\t\t\t\t\t<div class=\"elementor-column elementor-col-100 elementor-top-column elementor-element elementor-element-68ac8e07\" data-id=\"68ac8e07\" data-element_type=\"column\" data-e-type=\"column\">\n\t\t\t<div class=\"elementor-widget-wrap elementor-element-populated\">\n\t\t\t\t\t\t<div class=\"elementor-element elementor-element-0d1ff65 elementor-grid-3 elementor-grid-tablet-2 elementor-grid-mobile-1 elementor-posts--thumbnail-top elementor-card-shadow-yes elementor-posts__hover-gradient elementor-widget elementor-widget-posts\" data-id=\"0d1ff65\" data-element_type=\"widget\" data-e-type=\"widget\" data-settings=\"{&quot;pagination_type&quot;:&quot;prev_next&quot;,&quot;cards_columns&quot;:&quot;3&quot;,&quot;cards_columns_tablet&quot;:&quot;2&quot;,&quot;cards_columns_mobile&quot;:&quot;1&quot;,&quot;cards_row_gap&quot;:{&quot;unit&quot;:&quot;px&quot;,&quot;size&quot;:35,&quot;sizes&quot;:[]},&quot;cards_row_gap_tablet&quot;:{&quot;unit&quot;:&quot;px&quot;,&quot;size&quot;:&quot;&quot;,&quot;sizes&quot;:[]},&quot;cards_row_gap_mobile&quot;:{&quot;unit&quot;:&quot;px&quot;,&quot;size&quot;:&quot;&quot;,&quot;sizes&quot;:[]}}\" data-widget_type=\"posts.cards\">\n\t\t\t\t<div class=\"elementor-widget-container\">\n\t\t\t\t\t\t\t<div class=\"elementor-posts-container elementor-posts elementor-posts--skin-cards elementor-grid\" role=\"list\">\n\t\t\t\t<article class=\"elementor-post elementor-grid-item post-798 post type-post status-publish format-standard hentry category-prensa\" role=\"listitem\">\n\t\t\t<div class=\"elementor-post__card\">\n\t\t\t\t<a class=\"elementor-post__thumbnail__link\" href=\"https:\/\/targeteventos.com\/en\/mercados-navidenos-en-colon-producto-turistico\/\" tabindex=\"-1\" ><div class=\"elementor-post__thumbnail\"><img fetchpriority=\"high\" decoding=\"async\" width=\"1192\" height=\"784\" src=\"https:\/\/targeteventos.com\/wp-content\/uploads\/2023\/06\/Captura-de-pantalla-2023-06-16-a-las-14.09.50.png\" class=\"attachment-full size-full wp-image-799\" alt=\"\" srcset=\"https:\/\/targeteventos.com\/wp-content\/uploads\/2023\/06\/Captura-de-pantalla-2023-06-16-a-las-14.09.50.png 1192w, https:\/\/targeteventos.com\/wp-content\/uploads\/2023\/06\/Captura-de-pantalla-2023-06-16-a-las-14.09.50-300x197.png 300w, https:\/\/targeteventos.com\/wp-content\/uploads\/2023\/06\/Captura-de-pantalla-2023-06-16-a-las-14.09.50-1024x674.png 1024w, https:\/\/targeteventos.com\/wp-content\/uploads\/2023\/06\/Captura-de-pantalla-2023-06-16-a-las-14.09.50-768x505.png 768w, https:\/\/targeteventos.com\/wp-content\/uploads\/2023\/06\/Captura-de-pantalla-2023-06-16-a-las-14.09.50-18x12.png 18w\" sizes=\"(max-width: 1192px) 100vw, 1192px\" \/><\/div><\/a>\n\t\t\t\t<div class=\"elementor-post__text\">\n\t\t\t\t<h3 class=\"elementor-post__title\">\n\t\t\t<a href=\"https:\/\/targeteventos.com\/en\/mercados-navidenos-en-colon-producto-turistico\/\" >\n\t\t\t\tLos mercados navide\u00f1os como producto tur\u00edstico se han implantado definitivamente en Espa\u00f1a Navidad en Col\u00f3n\t\t\t<\/a>\n\t\t<\/h3>\n\t\t\t\t<div class=\"elementor-post__excerpt\">\n\t\t\t<p>Llena de encanto y tradici\u00f3n navide\u00f1a, el mercado de la plaza de Col\u00f3n en Madrid dej\u00f3 una huella imborrable en el a\u00f1o 2021. Este evento<\/p>\n\t\t<\/div>\n\t\t\n\t\t<a class=\"elementor-post__read-more\" href=\"https:\/\/targeteventos.com\/en\/mercados-navidenos-en-colon-producto-turistico\/\" aria-label=\"Read more about Los mercados navide\u00f1os como producto tur\u00edstico se han implantado definitivamente en Espa\u00f1a Navidad en Col\u00f3n\" tabindex=\"-1\" >\n\t\t\tLeer m\u00e1s \u00bb\t\t<\/a>\n\n\t\t\t\t<\/div>\n\t\t\t\t\t<\/div>\n\t\t<\/article>\n\t\t\t\t<article class=\"elementor-post elementor-grid-item post-788 post type-post status-publish format-standard hentry category-prensa\" role=\"listitem\">\n\t\t\t<div class=\"elementor-post__card\">\n\t\t\t\t<a class=\"elementor-post__thumbnail__link\" href=\"https:\/\/targeteventos.com\/en\/mercado-navideno-colon-toledo-segovia\/\" tabindex=\"-1\" ><div class=\"elementor-post__thumbnail\"><img decoding=\"async\" width=\"992\" height=\"938\" src=\"https:\/\/targeteventos.com\/wp-content\/uploads\/2023\/06\/Captura-de-pantalla-2023-06-16-a-las-14.01.59.png\" class=\"attachment-full size-full wp-image-790\" alt=\"\" srcset=\"https:\/\/targeteventos.com\/wp-content\/uploads\/2023\/06\/Captura-de-pantalla-2023-06-16-a-las-14.01.59.png 992w, https:\/\/targeteventos.com\/wp-content\/uploads\/2023\/06\/Captura-de-pantalla-2023-06-16-a-las-14.01.59-300x284.png 300w, https:\/\/targeteventos.com\/wp-content\/uploads\/2023\/06\/Captura-de-pantalla-2023-06-16-a-las-14.01.59-768x726.png 768w, https:\/\/targeteventos.com\/wp-content\/uploads\/2023\/06\/Captura-de-pantalla-2023-06-16-a-las-14.01.59-13x12.png 13w\" sizes=\"(max-width: 992px) 100vw, 992px\" \/><\/div><\/a>\n\t\t\t\t<div class=\"elementor-post__text\">\n\t\t\t\t<h3 class=\"elementor-post__title\">\n\t\t\t<a href=\"https:\/\/targeteventos.com\/en\/mercado-navideno-colon-toledo-segovia\/\" >\n\t\t\t\tMercado Navide\u00f1o en Col\u00f3n, Toledo y Segovia organizado por Target Eventos Especiales\t\t\t<\/a>\n\t\t<\/h3>\n\t\t\t\t<div class=\"elementor-post__excerpt\">\n\t\t\t<p>El sector retail contin\u00faa su recuperaci\u00f3n e incorpora canales de venta tradicionales Revive la magia de los encuentros \u00abNavidad en Col\u00f3n\/Madrid, Navidad en Toledo y<\/p>\n\t\t<\/div>\n\t\t\n\t\t<a class=\"elementor-post__read-more\" href=\"https:\/\/targeteventos.com\/en\/mercado-navideno-colon-toledo-segovia\/\" aria-label=\"Read more about Mercado Navide\u00f1o en Col\u00f3n, Toledo y Segovia organizado por Target Eventos Especiales\" tabindex=\"-1\" >\n\t\t\tLeer m\u00e1s \u00bb\t\t<\/a>\n\n\t\t\t\t<\/div>\n\t\t\t\t\t<\/div>\n\t\t<\/article>\n\t\t\t\t<article class=\"elementor-post elementor-grid-item post-763 post type-post status-publish format-standard hentry category-prensa\" role=\"listitem\">\n\t\t\t<div class=\"elementor-post__card\">\n\t\t\t\t<a class=\"elementor-post__thumbnail__link\" href=\"https:\/\/targeteventos.com\/en\/la-hispanoamericana-madrid\/\" tabindex=\"-1\" ><div class=\"elementor-post__thumbnail\"><img decoding=\"async\" width=\"1352\" height=\"758\" src=\"https:\/\/targeteventos.com\/wp-content\/uploads\/2023\/06\/Captura-de-pantalla-2023-06-15-a-las-16.22.10.png\" class=\"attachment-full size-full wp-image-765\" alt=\"\" srcset=\"https:\/\/targeteventos.com\/wp-content\/uploads\/2023\/06\/Captura-de-pantalla-2023-06-15-a-las-16.22.10.png 1352w, https:\/\/targeteventos.com\/wp-content\/uploads\/2023\/06\/Captura-de-pantalla-2023-06-15-a-las-16.22.10-300x168.png 300w, https:\/\/targeteventos.com\/wp-content\/uploads\/2023\/06\/Captura-de-pantalla-2023-06-15-a-las-16.22.10-1024x574.png 1024w, https:\/\/targeteventos.com\/wp-content\/uploads\/2023\/06\/Captura-de-pantalla-2023-06-15-a-las-16.22.10-768x431.png 768w, https:\/\/targeteventos.com\/wp-content\/uploads\/2023\/06\/Captura-de-pantalla-2023-06-15-a-las-16.22.10-18x10.png 18w\" sizes=\"(max-width: 1352px) 100vw, 1352px\" \/><\/div><\/a>\n\t\t\t\t<div class=\"elementor-post__text\">\n\t\t\t\t<h3 class=\"elementor-post__title\">\n\t\t\t<a href=\"https:\/\/targeteventos.com\/en\/la-hispanoamericana-madrid\/\" >\n\t\t\t\tEl primer evento \u201cLa Hispanoamericana\u201d se inici\u00f3 en la renovada plaza de Espa\u00f1a de Madrid\t\t\t<\/a>\n\t\t<\/h3>\n\t\t\t\t<div class=\"elementor-post__excerpt\">\n\t\t\t<p>El evento \u00abLa Hispanoamericana\u00bb transform\u00f3 la Plaza de Espa\u00f1a de Madrid en un vibrante espacio cultural, de entretenimiento y ocio. Durante su celebraci\u00f3n del 30<\/p>\n\t\t<\/div>\n\t\t\n\t\t<a class=\"elementor-post__read-more\" href=\"https:\/\/targeteventos.com\/en\/la-hispanoamericana-madrid\/\" aria-label=\"Read more about El primer evento \u201cLa Hispanoamericana\u201d se inici\u00f3 en la renovada plaza de Espa\u00f1a de Madrid\" tabindex=\"-1\" >\n\t\t\tLeer m\u00e1s \u00bb\t\t<\/a>\n\n\t\t\t\t<\/div>\n\t\t\t\t\t<\/div>\n\t\t<\/article>\n\t\t\t\t<\/div>\n\t\t\n\t\t\t\t\t\t<\/div>\n\t\t\t\t<\/div>\n\t\t\t\t\t<\/div>\n\t\t<\/div>\n\t\t\t\t\t<\/div>\n\t\t<\/section>\n\t\t\t\t<section class=\"elementor-section elementor-top-section elementor-element elementor-element-435f9daf elementor-section-boxed elementor-section-height-default elementor-section-height-default\" data-id=\"435f9daf\" data-element_type=\"section\" data-e-type=\"section\" data-settings=\"{&quot;background_background&quot;:&quot;classic&quot;}\">\n\t\t\t\t\t\t<div class=\"elementor-container elementor-column-gap-default\">\n\t\t\t\t\t<div class=\"elementor-column elementor-col-100 elementor-top-column elementor-element elementor-element-7ef9651b elementor-invisible\" data-id=\"7ef9651b\" data-element_type=\"column\" data-e-type=\"column\" data-settings=\"{&quot;animation&quot;:&quot;fadeInUp&quot;}\">\n\t\t\t<div class=\"elementor-widget-wrap elementor-element-populated\">\n\t\t\t\t\t\t<div class=\"elementor-element elementor-element-6dea1bb2 elementor-widget elementor-widget-heading\" data-id=\"6dea1bb2\" data-element_type=\"widget\" data-e-type=\"widget\" data-widget_type=\"heading.default\">\n\t\t\t\t<div class=\"elementor-widget-container\">\n\t\t\t\t\t<h2 class=\"elementor-heading-title elementor-size-default\">El amplio desarrollo de las piezas de comunicaci\u00f3n, es prioritario para garantizar el \u00e9xito.<\/h2>\t\t\t\t<\/div>\n\t\t\t\t<\/div>\n\t\t\t\t\t<\/div>\n\t\t<\/div>\n\t\t\t\t\t<\/div>\n\t\t<\/section>\n\t\t\t\t<\/div>","protected":false},"excerpt":{"rendered":"<p>Prensa El amplio desarrollo de las piezas de comunicaci\u00f3n, es prioritario para garantizar el \u00e9xito.<\/p>","protected":false},"author":2,"featured_media":0,"parent":0,"menu_order":0,"comment_status":"closed","ping_status":"closed","template":"elementor_header_footer","meta":{"om_disable_all_campaigns":false,"_monsterinsights_skip_tracking":false,"_monsterinsights_sitenote_active":false,"_monsterinsights_sitenote_note":"","_monsterinsights_sitenote_category":0,"_uf_show_specific_survey":0,"_uf_disable_surveys":false,"footnotes":""},"class_list":["post-454","page","type-page","status-publish","hentry"],"aioseo_notices":[],"yoast_head":"<!-- This site is optimized with the Yoast SEO plugin v27.3 - https:\/\/yoast.com\/product\/yoast-seo-wordpress\/ -->\n<title>Prensa - Organizaci\u00f3n de ferias y eventos - Target Eventos<\/title>\n<meta name=\"robots\" content=\"index, follow, max-snippet:-1, max-image-preview:large, max-video-preview:-1\" \/>\n<link rel=\"canonical\" href=\"https:\/\/targeteventos.com\/en\/prensa\/\" \/>\n<meta property=\"og:locale\" content=\"en_GB\" \/>\n<meta property=\"og:type\" content=\"article\" \/>\n<meta property=\"og:title\" content=\"Prensa - Organizaci\u00f3n de ferias y eventos - Target Eventos\" \/>\n<meta property=\"og:description\" content=\"Prensa El amplio desarrollo de las piezas de comunicaci\u00f3n, es prioritario para garantizar el \u00e9xito.\" \/>\n<meta property=\"og:url\" content=\"https:\/\/targeteventos.com\/en\/prensa\/\" \/>\n<meta property=\"og:site_name\" content=\"Organizaci\u00f3n de ferias y eventos - Target Eventos\" \/>\n<meta property=\"article:modified_time\" content=\"2023-07-05T08:34:15+00:00\" \/>\n<meta name=\"twitter:card\" content=\"summary_large_image\" \/>\n<script type=\"application\/ld+json\" class=\"yoast-schema-graph\">{\"@context\":\"https:\\\/\\\/schema.org\",\"@graph\":[{\"@type\":\"WebPage\",\"@id\":\"https:\\\/\\\/targeteventos.com\\\/prensa\\\/\",\"url\":\"https:\\\/\\\/targeteventos.com\\\/prensa\\\/\",\"name\":\"Prensa - Organizaci\u00f3n de ferias y eventos - Target Eventos\",\"isPartOf\":{\"@id\":\"https:\\\/\\\/targeteventos.com\\\/#website\"},\"datePublished\":\"2023-05-09T19:32:05+00:00\",\"dateModified\":\"2023-07-05T08:34:15+00:00\",\"breadcrumb\":{\"@id\":\"https:\\\/\\\/targeteventos.com\\\/prensa\\\/#breadcrumb\"},\"inLanguage\":\"en-GB\",\"potentialAction\":[{\"@type\":\"ReadAction\",\"target\":[\"https:\\\/\\\/targeteventos.com\\\/prensa\\\/\"]}]},{\"@type\":\"BreadcrumbList\",\"@id\":\"https:\\\/\\\/targeteventos.com\\\/prensa\\\/#breadcrumb\",\"itemListElement\":[{\"@type\":\"ListItem\",\"position\":1,\"name\":\"Portada\",\"item\":\"https:\\\/\\\/targeteventos.com\\\/\"},{\"@type\":\"ListItem\",\"position\":2,\"name\":\"Prensa\"}]},{\"@type\":\"WebSite\",\"@id\":\"https:\\\/\\\/targeteventos.com\\\/#website\",\"url\":\"https:\\\/\\\/targeteventos.com\\\/\",\"name\":\"Organizaci\u00f3n de ferias y eventos - Target Eventos\",\"description\":\"Target Eventos Especiales, se especializa en la concepci\u00f3n, desarrollo y gesti\u00f3n de muestras y exposiciones: Gesti\u00f3n, Licitaci\u00f3n y Organizaci\u00f3n de Ferias, asesoramiento y montaje de ferias, eventos y mercadillos. Gesti\u00f3n de Mercados Municipales y Ferias Comerciales.\",\"publisher\":{\"@id\":\"https:\\\/\\\/targeteventos.com\\\/#organization\"},\"potentialAction\":[{\"@type\":\"SearchAction\",\"target\":{\"@type\":\"EntryPoint\",\"urlTemplate\":\"https:\\\/\\\/targeteventos.com\\\/?s={search_term_string}\"},\"query-input\":{\"@type\":\"PropertyValueSpecification\",\"valueRequired\":true,\"valueName\":\"search_term_string\"}}],\"inLanguage\":\"en-GB\"},{\"@type\":\"Organization\",\"@id\":\"https:\\\/\\\/targeteventos.com\\\/#organization\",\"name\":\"Organizaci\u00f3n de ferias y eventos - Target Eventos\",\"url\":\"https:\\\/\\\/targeteventos.com\\\/\",\"logo\":{\"@type\":\"ImageObject\",\"inLanguage\":\"en-GB\",\"@id\":\"https:\\\/\\\/targeteventos.com\\\/#\\\/schema\\\/logo\\\/image\\\/\",\"url\":\"https:\\\/\\\/targeteventos.com\\\/wp-content\\\/uploads\\\/2023\\\/05\\\/logotarget2.png\",\"contentUrl\":\"https:\\\/\\\/targeteventos.com\\\/wp-content\\\/uploads\\\/2023\\\/05\\\/logotarget2.png\",\"width\":3238,\"height\":1021,\"caption\":\"Organizaci\u00f3n de ferias y eventos - Target Eventos\"},\"image\":{\"@id\":\"https:\\\/\\\/targeteventos.com\\\/#\\\/schema\\\/logo\\\/image\\\/\"}}]}<\/script>\n<!-- \/ Yoast SEO plugin. -->","yoast_head_json":{"title":"Prensa - Organizaci\u00f3n de ferias y eventos - Target Eventos","robots":{"index":"index","follow":"follow","max-snippet":"max-snippet:-1","max-image-preview":"max-image-preview:large","max-video-preview":"max-video-preview:-1"},"canonical":"https:\/\/targeteventos.com\/en\/prensa\/","og_locale":"en_GB","og_type":"article","og_title":"Prensa - Organizaci\u00f3n de ferias y eventos - Target Eventos","og_description":"Prensa El amplio desarrollo de las piezas de comunicaci\u00f3n, es prioritario para garantizar el \u00e9xito.","og_url":"https:\/\/targeteventos.com\/en\/prensa\/","og_site_name":"Organizaci\u00f3n de ferias y eventos - Target Eventos","article_modified_time":"2023-07-05T08:34:15+00:00","twitter_card":"summary_large_image","schema":{"@context":"https:\/\/schema.org","@graph":[{"@type":"WebPage","@id":"https:\/\/targeteventos.com\/prensa\/","url":"https:\/\/targeteventos.com\/prensa\/","name":"Prensa - Organizaci\u00f3n de ferias y eventos - Target Eventos","isPartOf":{"@id":"https:\/\/targeteventos.com\/#website"},"datePublished":"2023-05-09T19:32:05+00:00","dateModified":"2023-07-05T08:34:15+00:00","breadcrumb":{"@id":"https:\/\/targeteventos.com\/prensa\/#breadcrumb"},"inLanguage":"en-GB","potentialAction":[{"@type":"ReadAction","target":["https:\/\/targeteventos.com\/prensa\/"]}]},{"@type":"BreadcrumbList","@id":"https:\/\/targeteventos.com\/prensa\/#breadcrumb","itemListElement":[{"@type":"ListItem","position":1,"name":"Portada","item":"https:\/\/targeteventos.com\/"},{"@type":"ListItem","position":2,"name":"Prensa"}]},{"@type":"WebSite","@id":"https:\/\/targeteventos.com\/#website","url":"https:\/\/targeteventos.com\/","name":"Organizaci\u00f3n de ferias y eventos - Target Eventos","description":"Target Eventos Especiales, se especializa en la concepci\u00f3n, desarrollo y gesti\u00f3n de muestras y exposiciones: Gesti\u00f3n, Licitaci\u00f3n y Organizaci\u00f3n de Ferias, asesoramiento y montaje de ferias, eventos y mercadillos. Gesti\u00f3n de Mercados Municipales y Ferias Comerciales.","publisher":{"@id":"https:\/\/targeteventos.com\/#organization"},"potentialAction":[{"@type":"SearchAction","target":{"@type":"EntryPoint","urlTemplate":"https:\/\/targeteventos.com\/?s={search_term_string}"},"query-input":{"@type":"PropertyValueSpecification","valueRequired":true,"valueName":"search_term_string"}}],"inLanguage":"en-GB"},{"@type":"Organization","@id":"https:\/\/targeteventos.com\/#organization","name":"Organizaci\u00f3n de ferias y eventos - Target Eventos","url":"https:\/\/targeteventos.com\/","logo":{"@type":"ImageObject","inLanguage":"en-GB","@id":"https:\/\/targeteventos.com\/#\/schema\/logo\/image\/","url":"https:\/\/targeteventos.com\/wp-content\/uploads\/2023\/05\/logotarget2.png","contentUrl":"https:\/\/targeteventos.com\/wp-content\/uploads\/2023\/05\/logotarget2.png","width":3238,"height":1021,"caption":"Organizaci\u00f3n de ferias y eventos - Target Eventos"},"image":{"@id":"https:\/\/targeteventos.com\/#\/schema\/logo\/image\/"}}]}},"_links":{"self":[{"href":"https:\/\/targeteventos.com\/en\/wp-json\/wp\/v2\/pages\/454","targetHints":{"allow":["GET"]}}],"collection":[{"href":"https:\/\/targeteventos.com\/en\/wp-json\/wp\/v2\/pages"}],"about":[{"href":"https:\/\/targeteventos.com\/en\/wp-json\/wp\/v2\/types\/page"}],"author":[{"embeddable":true,"href":"https:\/\/targeteventos.com\/en\/wp-json\/wp\/v2\/users\/2"}],"replies":[{"embeddable":true,"href":"https:\/\/targeteventos.com\/en\/wp-json\/wp\/v2\/comments?post=454"}],"version-history":[{"count":17,"href":"https:\/\/targeteventos.com\/en\/wp-json\/wp\/v2\/pages\/454\/revisions"}],"predecessor-version":[{"id":869,"href":"https:\/\/targeteventos.com\/en\/wp-json\/wp\/v2\/pages\/454\/revisions\/869"}],"wp:attachment":[{"href":"https:\/\/targeteventos.com\/en\/wp-json\/wp\/v2\/media?parent=454"}],"curies":[{"name":"wp","href":"https:\/\/api.w.org\/{rel}","templated":true}]}}