{"id":516,"date":"2023-05-09T20:11:08","date_gmt":"2023-05-09T20:11:08","guid":{"rendered":"http:\/\/targeteventos.com.s111-117.furanet.com\/?page_id=516"},"modified":"2023-07-05T11:28:00","modified_gmt":"2023-07-05T11:28:00","slug":"contacto","status":"publish","type":"page","link":"https:\/\/targeteventos.com\/en\/contacto\/","title":{"rendered":"Contacto"},"content":{"rendered":"\t\t<div data-elementor-type=\"wp-page\" data-elementor-id=\"516\" class=\"elementor elementor-516\" data-elementor-post-type=\"page\">\n\t\t\t\t\t\t<section class=\"elementor-section elementor-top-section elementor-element elementor-element-7e31a04e elementor-section-height-min-height elementor-section-boxed elementor-section-height-default elementor-section-items-middle\" data-id=\"7e31a04e\" data-element_type=\"section\" data-e-type=\"section\" data-settings=\"{&quot;background_background&quot;:&quot;classic&quot;}\">\n\t\t\t\t\t\t\t<div class=\"elementor-background-overlay\"><\/div>\n\t\t\t\t\t\t\t<div class=\"elementor-container elementor-column-gap-default\">\n\t\t\t\t\t<div class=\"elementor-column elementor-col-100 elementor-top-column elementor-element elementor-element-24a65ef0\" data-id=\"24a65ef0\" data-element_type=\"column\" data-e-type=\"column\">\n\t\t\t<div class=\"elementor-widget-wrap elementor-element-populated\">\n\t\t\t\t\t\t<div class=\"elementor-element elementor-element-fcb1eef elementor-widget elementor-widget-heading\" data-id=\"fcb1eef\" data-element_type=\"widget\" data-e-type=\"widget\" data-widget_type=\"heading.default\">\n\t\t\t\t<div class=\"elementor-widget-container\">\n\t\t\t\t\t<h2 class=\"elementor-heading-title elementor-size-default\">Contacto<\/h2>\t\t\t\t<\/div>\n\t\t\t\t<\/div>\n\t\t\t\t\t<\/div>\n\t\t<\/div>\n\t\t\t\t\t<\/div>\n\t\t<\/section>\n\t\t\t\t<section class=\"elementor-section elementor-top-section elementor-element elementor-element-490849db elementor-section-boxed elementor-section-height-default elementor-section-height-default\" data-id=\"490849db\" data-element_type=\"section\" data-e-type=\"section\">\n\t\t\t\t\t\t<div class=\"elementor-container elementor-column-gap-default\">\n\t\t\t\t\t<div class=\"elementor-column elementor-col-50 elementor-top-column elementor-element elementor-element-4ce33f37\" data-id=\"4ce33f37\" data-element_type=\"column\" data-e-type=\"column\">\n\t\t\t<div class=\"elementor-widget-wrap elementor-element-populated\">\n\t\t\t\t\t\t<div class=\"elementor-element elementor-element-4d583196 elementor-widget elementor-widget-text-editor\" data-id=\"4d583196\" data-element_type=\"widget\" data-e-type=\"widget\" data-widget_type=\"text-editor.default\">\n\t\t\t\t<div class=\"elementor-widget-container\">\n\t\t\t\t\t\t\t\t\t<p>Si deseas realizar consultas sobre nuestros eventos, obtener informaci\u00f3n sobre colaboraciones u ofrecer tus servicios, te invitamos a contactarnos a trav\u00e9s de nuestro formulario de contacto.<\/p><p><strong>Para reservar espacio<\/strong>, te recomendamos que llames a nuestra oficina o al departamento comercial a trav\u00e9s de los n\u00fameros de tel\u00e9fono proporcionados.<\/p><p>Recuerda que si ya conoces nuestras ferias puede hacer tu reserva en el apartado \u201c<strong>Contratar Espacio<\/strong>\u201d<\/p><p>Estaremos encantados de atender todas tus inquietudes y brindarte la asistencia necesaria. <strong>\u00a1Esperamos poder colaborar contigo en nuestros pr\u00f3ximos eventos!<\/strong><\/p>\t\t\t\t\t\t\t\t<\/div>\n\t\t\t\t<\/div>\n\t\t\t\t<div class=\"elementor-element elementor-element-53da9d6d elementor-icon-list--layout-traditional elementor-list-item-link-full_width elementor-widget elementor-widget-icon-list\" data-id=\"53da9d6d\" data-element_type=\"widget\" data-e-type=\"widget\" data-widget_type=\"icon-list.default\">\n\t\t\t\t<div class=\"elementor-widget-container\">\n\t\t\t\t\t\t\t<ul class=\"elementor-icon-list-items\">\n\t\t\t\t\t\t\t<li class=\"elementor-icon-list-item\">\n\t\t\t\t\t\t\t\t\t\t\t<a href=\"tel:+3491%20442%2000%2099\">\n\n\t\t\t\t\t\t\t\t\t\t\t\t<span class=\"elementor-icon-list-icon\">\n\t\t\t\t\t\t\t<i aria-hidden=\"true\" class=\"fas fa-phone-alt\"><\/i>\t\t\t\t\t\t<\/span>\n\t\t\t\t\t\t\t\t\t\t<span class=\"elementor-icon-list-text\">91 442 00 99<\/span>\n\t\t\t\t\t\t\t\t\t\t\t<\/a>\n\t\t\t\t\t\t\t\t\t<\/li>\n\t\t\t\t\t\t\t\t<li class=\"elementor-icon-list-item\">\n\t\t\t\t\t\t\t\t\t\t\t<a href=\"mailto:target@targeteventos.com\">\n\n\t\t\t\t\t\t\t\t\t\t\t\t<span class=\"elementor-icon-list-icon\">\n\t\t\t\t\t\t\t<i aria-hidden=\"true\" class=\"fas fa-envelope\"><\/i>\t\t\t\t\t\t<\/span>\n\t\t\t\t\t\t\t\t\t\t<span class=\"elementor-icon-list-text\">target@targeteventos.com<\/span>\n\t\t\t\t\t\t\t\t\t\t\t<\/a>\n\t\t\t\t\t\t\t\t\t<\/li>\n\t\t\t\t\t\t\t\t<li class=\"elementor-icon-list-item\">\n\t\t\t\t\t\t\t\t\t\t\t<a href=\"#\">\n\n\t\t\t\t\t\t\t\t\t\t\t\t<span class=\"elementor-icon-list-icon\">\n\t\t\t\t\t\t\t<i aria-hidden=\"true\" class=\"fas fa-map-marker-alt\"><\/i>\t\t\t\t\t\t<\/span>\n\t\t\t\t\t\t\t\t\t\t<span class=\"elementor-icon-list-text\">C\/ Manuel Pombo Angulo 18, PJ 4 y 5. C.P. 28050 Madrid.<\/span>\n\t\t\t\t\t\t\t\t\t\t\t<\/a>\n\t\t\t\t\t\t\t\t\t<\/li>\n\t\t\t\t\t\t<\/ul>\n\t\t\t\t\t\t<\/div>\n\t\t\t\t<\/div>\n\t\t\t\t<div class=\"elementor-element elementor-element-5ae3c26 elementor-shape-circle e-grid-align-left e-grid-align-mobile-center elementor-grid-0 elementor-widget elementor-widget-social-icons\" data-id=\"5ae3c26\" data-element_type=\"widget\" data-e-type=\"widget\" data-widget_type=\"social-icons.default\">\n\t\t\t\t<div class=\"elementor-widget-container\">\n\t\t\t\t\t\t\t<div class=\"elementor-social-icons-wrapper elementor-grid\" role=\"list\">\n\t\t\t\t\t\t\t<span class=\"elementor-grid-item\" role=\"listitem\">\n\t\t\t\t\t<a class=\"elementor-icon elementor-social-icon elementor-social-icon-instagram elementor-animation-grow elementor-repeater-item-256c858\" href=\"https:\/\/www.instagram.com\/targeteventos\/\" target=\"_blank\">\n\t\t\t\t\t\t<span class=\"elementor-screen-only\">Instagram<\/span>\n\t\t\t\t\t\t<i aria-hidden=\"true\" class=\"fab fa-instagram\"><\/i>\t\t\t\t\t<\/a>\n\t\t\t\t<\/span>\n\t\t\t\t\t\t\t<span class=\"elementor-grid-item\" role=\"listitem\">\n\t\t\t\t\t<a class=\"elementor-icon elementor-social-icon elementor-social-icon-twitter elementor-animation-grow elementor-repeater-item-3b4fa13\" href=\"https:\/\/twitter.com\/eventos_target\" target=\"_blank\">\n\t\t\t\t\t\t<span class=\"elementor-screen-only\">Twitter<\/span>\n\t\t\t\t\t\t<i aria-hidden=\"true\" class=\"fab fa-twitter\"><\/i>\t\t\t\t\t<\/a>\n\t\t\t\t<\/span>\n\t\t\t\t\t\t\t<span class=\"elementor-grid-item\" role=\"listitem\">\n\t\t\t\t\t<a class=\"elementor-icon elementor-social-icon elementor-social-icon-facebook-f elementor-animation-grow elementor-repeater-item-175fce1\" href=\"https:\/\/www.facebook.com\/targeteventosespecialesespana\" target=\"_blank\">\n\t\t\t\t\t\t<span class=\"elementor-screen-only\">Facebook-f<\/span>\n\t\t\t\t\t\t<i aria-hidden=\"true\" class=\"fab fa-facebook-f\"><\/i>\t\t\t\t\t<\/a>\n\t\t\t\t<\/span>\n\t\t\t\t\t\t\t<span class=\"elementor-grid-item\" role=\"listitem\">\n\t\t\t\t\t<a class=\"elementor-icon elementor-social-icon elementor-social-icon- elementor-animation-grow elementor-repeater-item-403cb7d\" href=\"https:\/\/www.tiktok.com\/@targeteventosespeciales?ug_source=op.auth&#038;ug_term=Linktr.ee&#038;utm_source=awyc6vc625ejxp86&#038;utm_campaign=tt4d_profile_link&#038;_r=1\" target=\"_blank\">\n\t\t\t\t\t\t<span class=\"elementor-screen-only\"><\/span>\n\t\t\t\t\t\t<svg xmlns=\"http:\/\/www.w3.org\/2000\/svg\" xmlns:xlink=\"http:\/\/www.w3.org\/1999\/xlink\" id=\"Capa_1\" x=\"0px\" y=\"0px\" viewBox=\"0 0 108.673 107.143\" xml:space=\"preserve\"><g>\t<path display=\"none\" fill=\"#004632\" d=\"M55.782-46.032c-54.383,0-98.469,44.087-98.469,98.469s44.086,98.469,98.469,98.469  s98.469-44.086,98.469-98.469S110.166-46.032,55.782-46.032z M55.782,141.964c-49.444,0-89.527-40.082-89.527-89.527  S6.338-37.089,55.782-37.089c49.444,0,89.527,40.082,89.527,89.527S105.227,141.964,55.782,141.964z\"><\/path>\t<g>\t\t<g>\t\t\t<path fill=\"#004632\" d=\"M59.081,6.301c6.005,0,11.401,0,16.816,0c1.639,14.376,9.93,21.943,23.97,23.924    c0,5.442,0,10.797,0,16.515c-8.531,0.383-16.06-2.439-23.448-7.166c-0.106,1.186-0.249,2.045-0.25,2.904    c-0.015,10.505,0.033,21.011-0.019,31.516c-0.088,17.722-12.784,30.668-31.187,31.875c-14.709,0.964-29.45-11.848-31.765-27.609    c-2.766-18.829,13.139-36.411,32.121-35.49c1.03,0.05,2.053,0.256,3.241,0.411c0,5.579,0,10.969,0,16.743    c-0.9,0-1.791,0.041-2.676-0.006c-8.577-0.461-15.432,5.484-15.74,13.667c-0.294,7.805,5.852,14.563,13.508,14.853    c8.661,0.329,15.337-5.741,15.383-14.395c0.111-21.01,0.043-42.021,0.047-63.031C59.081,9.507,59.081,8.003,59.081,6.301z\"><\/path>\t\t\t<path fill=\"#004632\" d=\"M55.008,2.399c6.005,0,11.401,0,16.816,0c1.639,14.376,9.929,21.943,23.97,23.924    c0,5.443,0,10.797,0,16.515c-8.531,0.384-16.06-2.439-23.448-7.166c-0.106,1.186-0.249,2.045-0.25,2.904    c-0.015,10.505,0.033,21.011-0.019,31.516c-0.088,17.722-12.784,30.668-31.187,31.875c-14.709,0.964-29.45-11.848-31.765-27.609    c-2.766-18.829,13.139-36.411,32.121-35.49c1.03,0.05,2.053,0.256,3.241,0.411c0,5.579,0,10.969,0,16.742    c-0.9,0-1.79,0.041-2.677-0.006c-8.577-0.461-15.432,5.484-15.74,13.667c-0.294,7.805,5.853,14.563,13.508,14.853    c8.661,0.328,15.338-5.741,15.383-14.395c0.111-21.01,0.043-42.021,0.047-63.031C55.008,5.605,55.008,4.102,55.008,2.399z\"><\/path>\t\t\t<path fill=\"#004632\" d=\"M81.477,20.949c-4.525-3.348-7.556-8.183-8.987-14.648c-4.296,0-8.662,0-13.41,0c0,1.703,0,3.206,0,4.709    c-0.004,21.01,0.064,42.021-0.047,63.031c-0.045,8.654-6.722,14.723-15.383,14.395c-4.467-0.169-8.408-2.549-10.868-6.045    c-4.163-2.645-6.912-7.434-6.713-12.709c0.308-8.183,7.163-14.128,15.74-13.667c0.886,0.048,1.776,0.006,2.677,0.006    c0-4.567,0-8.897,0-13.267c-18.61-0.375-34.014,16.953-31.288,35.505c0.933,6.35,3.885,12.22,8.037,16.905    c5.668,4.604,12.663,7.262,19.655,6.803c18.403-1.206,31.099-14.153,31.187-31.875c0.052-10.505,0.004-21.011,0.019-31.516    c0.001-0.859,0.144-1.717,0.25-2.904c7.388,4.727,14.917,7.55,23.448,7.166c0-4.626,0-9.015,0-13.405c0-1.036,0-2.071,0-3.11    C90.024,25.509,85.242,23.735,81.477,20.949z\"><\/path>\t\t<\/g>\t<\/g><\/g><\/svg>\t\t\t\t\t<\/a>\n\t\t\t\t<\/span>\n\t\t\t\t\t\t\t<span class=\"elementor-grid-item\" role=\"listitem\">\n\t\t\t\t\t<a class=\"elementor-icon elementor-social-icon elementor-social-icon-youtube elementor-animation-grow elementor-repeater-item-cebe94c\" href=\"https:\/\/www.youtube.com\/channel\/UCPZLTdT_T5oMnxuSqrvI22w\" target=\"_blank\">\n\t\t\t\t\t\t<span class=\"elementor-screen-only\">Youtube<\/span>\n\t\t\t\t\t\t<i aria-hidden=\"true\" class=\"fab fa-youtube\"><\/i>\t\t\t\t\t<\/a>\n\t\t\t\t<\/span>\n\t\t\t\t\t<\/div>\n\t\t\t\t\t\t<\/div>\n\t\t\t\t<\/div>\n\t\t\t\t\t<\/div>\n\t\t<\/div>\n\t\t\t\t<div class=\"elementor-column elementor-col-50 elementor-top-column elementor-element elementor-element-3c1b32e\" data-id=\"3c1b32e\" data-element_type=\"column\" data-e-type=\"column\">\n\t\t\t<div class=\"elementor-widget-wrap elementor-element-populated\">\n\t\t\t\t\t\t<div class=\"elementor-element elementor-element-43aaba14 elementor-widget elementor-widget-heading\" data-id=\"43aaba14\" data-element_type=\"widget\" data-e-type=\"widget\" data-widget_type=\"heading.default\">\n\t\t\t\t<div class=\"elementor-widget-container\">\n\t\t\t\t\t<h3 class=\"elementor-heading-title elementor-size-default\">Env\u00edanos tu consulta<\/h3>\t\t\t\t<\/div>\n\t\t\t\t<\/div>\n\t\t\t\t<div class=\"elementor-element elementor-element-62bf4f87 elementor-button-align-stretch elementor-widget elementor-widget-form\" data-id=\"62bf4f87\" data-element_type=\"widget\" data-e-type=\"widget\" data-settings=\"{&quot;step_next_label&quot;:&quot;Next&quot;,&quot;step_previous_label&quot;:&quot;Previous&quot;,&quot;button_width&quot;:&quot;100&quot;,&quot;step_type&quot;:&quot;number_text&quot;,&quot;step_icon_shape&quot;:&quot;circle&quot;}\" data-widget_type=\"form.default\">\n\t\t\t\t<div class=\"elementor-widget-container\">\n\t\t\t\t\t\t\t<form class=\"elementor-form\" method=\"post\" name=\"New Form\" aria-label=\"New Form\">\n\t\t\t<input type=\"hidden\" name=\"post_id\" value=\"516\"\/>\n\t\t\t<input type=\"hidden\" name=\"form_id\" value=\"62bf4f87\"\/>\n\t\t\t<input type=\"hidden\" name=\"referer_title\" value=\"Contacto - Organizaci\u00f3n de ferias y eventos - Target Eventos\" \/>\n\n\t\t\t\t\t\t\t<input type=\"hidden\" name=\"queried_id\" value=\"516\"\/>\n\t\t\t\n\t\t\t<div class=\"elementor-form-fields-wrapper elementor-labels-\">\n\t\t\t\t\t\t\t\t<div class=\"elementor-field-type-text elementor-field-group elementor-column elementor-field-group-name elementor-col-100\">\n\t\t\t\t\t\t\t\t\t\t\t\t<label for=\"form-field-name\" class=\"elementor-field-label elementor-screen-only\">\n\t\t\t\t\t\t\t\tNombre\t\t\t\t\t\t\t<\/label>\n\t\t\t\t\t\t\t\t\t\t\t\t\t\t<input size=\"1\" type=\"text\" name=\"form_fields[name]\" id=\"form-field-name\" class=\"elementor-field elementor-size-sm  elementor-field-textual\" placeholder=\"Nombre\">\n\t\t\t\t\t\t\t\t\t\t\t<\/div>\n\t\t\t\t\t\t\t\t<div class=\"elementor-field-type-email elementor-field-group elementor-column elementor-field-group-field_375f705 elementor-col-100\">\n\t\t\t\t\t\t\t\t\t\t\t\t<label for=\"form-field-field_375f705\" class=\"elementor-field-label elementor-screen-only\">\n\t\t\t\t\t\t\t\tEmail\t\t\t\t\t\t\t<\/label>\n\t\t\t\t\t\t\t\t\t\t\t\t\t\t<input size=\"1\" type=\"email\" name=\"form_fields[field_375f705]\" id=\"form-field-field_375f705\" class=\"elementor-field elementor-size-sm  elementor-field-textual\" placeholder=\"Email\">\n\t\t\t\t\t\t\t\t\t\t\t<\/div>\n\t\t\t\t\t\t\t\t<div class=\"elementor-field-type-tel elementor-field-group elementor-column elementor-field-group-field_8701c68 elementor-col-100 elementor-field-required\">\n\t\t\t\t\t\t\t\t\t\t\t\t<label for=\"form-field-field_8701c68\" class=\"elementor-field-label elementor-screen-only\">\n\t\t\t\t\t\t\t\tTelefono\t\t\t\t\t\t\t<\/label>\n\t\t\t\t\t\t\t\t<input size=\"1\" type=\"tel\" name=\"form_fields[field_8701c68]\" id=\"form-field-field_8701c68\" class=\"elementor-field elementor-size-sm  elementor-field-textual\" placeholder=\"Tel\u00e9fono\" required=\"required\" pattern=\"[0-9()#&amp;+*-=.]+\" title=\"Only numbers and phone characters (#, -, *, etc) are accepted.\">\n\n\t\t\t\t\t\t<\/div>\n\t\t\t\t\t\t\t\t<div class=\"elementor-field-type-text elementor-field-group elementor-column elementor-field-group-email elementor-col-100 elementor-field-required\">\n\t\t\t\t\t\t\t\t\t\t\t\t<label for=\"form-field-email\" class=\"elementor-field-label elementor-screen-only\">\n\t\t\t\t\t\t\t\tAsunto\t\t\t\t\t\t\t<\/label>\n\t\t\t\t\t\t\t\t\t\t\t\t\t\t<input size=\"1\" type=\"text\" name=\"form_fields[email]\" id=\"form-field-email\" class=\"elementor-field elementor-size-sm  elementor-field-textual\" placeholder=\"Asunto\" required=\"required\">\n\t\t\t\t\t\t\t\t\t\t\t<\/div>\n\t\t\t\t\t\t\t\t<div class=\"elementor-field-type-textarea elementor-field-group elementor-column elementor-field-group-message elementor-col-100\">\n\t\t\t\t\t\t\t\t\t\t\t\t<label for=\"form-field-message\" class=\"elementor-field-label elementor-screen-only\">\n\t\t\t\t\t\t\t\tMensaje\t\t\t\t\t\t\t<\/label>\n\t\t\t\t\t\t<textarea class=\"elementor-field-textual elementor-field  elementor-size-sm\" name=\"form_fields[message]\" id=\"form-field-message\" rows=\"4\" placeholder=\"Mensaje o consulta (opcional)\"><\/textarea>\t\t\t\t<\/div>\n\t\t\t\t\t\t\t\t<div class=\"elementor-field-type-acceptance elementor-field-group elementor-column elementor-field-group-field_e8cc4b4 elementor-col-100\">\n\t\t\t\t\t\t\t<div class=\"elementor-field-subgroup\">\n\t\t\t<span class=\"elementor-field-option\">\n\t\t\t\t<input type=\"checkbox\" name=\"form_fields[field_e8cc4b4]\" id=\"form-field-field_e8cc4b4\" class=\"elementor-field elementor-size-sm  elementor-acceptance-field\">\n\t\t\t\t<label for=\"form-field-field_e8cc4b4\">He le\u00eddo y acepto la <a href=\"http:\/\/targeteventos.com\/politica-de-privacidad\">pol\u00edtica de privacidad.<\/a><\/label>\t\t\t<\/span>\n\t\t<\/div>\n\t\t\t\t\t\t<\/div>\n\t\t\t\t\t\t\t\t<div class=\"elementor-field-group elementor-column elementor-field-type-submit elementor-col-100 e-form__buttons\">\n\t\t\t\t\t<button class=\"elementor-button elementor-size-sm\" type=\"submit\">\n\t\t\t\t\t\t<span class=\"elementor-button-content-wrapper\">\n\t\t\t\t\t\t\t\t\t\t\t\t\t\t\t\t\t\t\t\t\t\t<span class=\"elementor-button-text\">Enviar<\/span>\n\t\t\t\t\t\t\t\t\t\t\t\t\t<\/span>\n\t\t\t\t\t<\/button>\n\t\t\t\t<\/div>\n\t\t\t<\/div>\n\t\t<\/form>\n\t\t\t\t\t\t<\/div>\n\t\t\t\t<\/div>\n\t\t\t\t\t<\/div>\n\t\t<\/div>\n\t\t\t\t\t<\/div>\n\t\t<\/section>\n\t\t\t\t<section class=\"elementor-section elementor-top-section elementor-element elementor-element-b221351 elementor-section-full_width elementor-section-height-default elementor-section-height-default\" data-id=\"b221351\" data-element_type=\"section\" data-e-type=\"section\">\n\t\t\t\t\t\t<div class=\"elementor-container elementor-column-gap-default\">\n\t\t\t\t\t<div class=\"elementor-column elementor-col-100 elementor-top-column elementor-element elementor-element-9f41110\" data-id=\"9f41110\" data-element_type=\"column\" data-e-type=\"column\">\n\t\t\t<div class=\"elementor-widget-wrap elementor-element-populated\">\n\t\t\t\t\t\t<div class=\"elementor-element elementor-element-e1b3eef elementor-widget elementor-widget-google_maps\" data-id=\"e1b3eef\" data-element_type=\"widget\" data-e-type=\"widget\" data-widget_type=\"google_maps.default\">\n\t\t\t\t<div class=\"elementor-widget-container\">\n\t\t\t\t\t\t\t<div class=\"elementor-custom-embed\">\n\t\t\t<iframe loading=\"lazy\"\n\t\t\t\t\tsrc=\"https:\/\/maps.google.com\/maps?q=Manuel%20Pombo%20Angulo%2018&#038;t=m&#038;z=11&#038;output=embed&#038;iwloc=near\"\n\t\t\t\t\ttitle=\"Manuel Pombo Angulo 18\"\n\t\t\t\t\taria-label=\"Manuel Pombo Angulo 18\"\n\t\t\t><\/iframe>\n\t\t<\/div>\n\t\t\t\t\t\t<\/div>\n\t\t\t\t<\/div>\n\t\t\t\t\t<\/div>\n\t\t<\/div>\n\t\t\t\t\t<\/div>\n\t\t<\/section>\n\t\t\t\t<\/div>\n\t\t","protected":false},"excerpt":{"rendered":"<p>Contacto Si deseas realizar consultas sobre nuestros eventos, obtener informaci\u00f3n sobre colaboraciones u ofrecer tus servicios, te invitamos a contactarnos a trav\u00e9s de nuestro formulario de contacto. Para reservar espacio, te recomendamos que llames a nuestra oficina o al departamento comercial a trav\u00e9s de los n\u00fameros de tel\u00e9fono proporcionados. Recuerda que si ya conoces nuestras [&hellip;]<\/p>\n","protected":false},"author":2,"featured_media":0,"parent":0,"menu_order":0,"comment_status":"closed","ping_status":"closed","template":"elementor_header_footer","meta":{"om_disable_all_campaigns":false,"_monsterinsights_skip_tracking":false,"_monsterinsights_sitenote_active":false,"_monsterinsights_sitenote_note":"","_monsterinsights_sitenote_category":0,"_uf_show_specific_survey":0,"_uf_disable_surveys":false,"footnotes":""},"class_list":["post-516","page","type-page","status-publish","hentry"],"aioseo_notices":[],"yoast_head":"<!-- This site is optimized with the Yoast SEO plugin v27.3 - https:\/\/yoast.com\/product\/yoast-seo-wordpress\/ -->\n<title>Contacto - Organizaci\u00f3n de ferias y eventos - Target Eventos<\/title>\n<meta name=\"robots\" content=\"index, follow, max-snippet:-1, max-image-preview:large, max-video-preview:-1\" \/>\n<link rel=\"canonical\" href=\"https:\/\/targeteventos.com\/en\/contacto\/\" \/>\n<meta property=\"og:locale\" content=\"en_GB\" \/>\n<meta property=\"og:type\" content=\"article\" \/>\n<meta property=\"og:title\" content=\"Contacto - Organizaci\u00f3n de ferias y eventos - Target Eventos\" \/>\n<meta property=\"og:description\" content=\"Contacto Si deseas realizar consultas sobre nuestros eventos, obtener informaci\u00f3n sobre colaboraciones u ofrecer tus servicios, te invitamos a contactarnos a trav\u00e9s de nuestro formulario de contacto. Para reservar espacio, te recomendamos que llames a nuestra oficina o al departamento comercial a trav\u00e9s de los n\u00fameros de tel\u00e9fono proporcionados. Recuerda que si ya conoces nuestras [&hellip;]\" \/>\n<meta property=\"og:url\" content=\"https:\/\/targeteventos.com\/en\/contacto\/\" \/>\n<meta property=\"og:site_name\" content=\"Organizaci\u00f3n de ferias y eventos - Target Eventos\" \/>\n<meta property=\"article:modified_time\" content=\"2023-07-05T11:28:00+00:00\" \/>\n<meta name=\"twitter:card\" content=\"summary_large_image\" \/>\n<meta name=\"twitter:label1\" content=\"Estimated reading time\" \/>\n\t<meta name=\"twitter:data1\" content=\"1 minute\" \/>\n<script type=\"application\/ld+json\" class=\"yoast-schema-graph\">{\"@context\":\"https:\\\/\\\/schema.org\",\"@graph\":[{\"@type\":\"WebPage\",\"@id\":\"https:\\\/\\\/targeteventos.com\\\/contacto\\\/\",\"url\":\"https:\\\/\\\/targeteventos.com\\\/contacto\\\/\",\"name\":\"Contacto - Organizaci\u00f3n de ferias y eventos - Target Eventos\",\"isPartOf\":{\"@id\":\"https:\\\/\\\/targeteventos.com\\\/#website\"},\"datePublished\":\"2023-05-09T20:11:08+00:00\",\"dateModified\":\"2023-07-05T11:28:00+00:00\",\"breadcrumb\":{\"@id\":\"https:\\\/\\\/targeteventos.com\\\/contacto\\\/#breadcrumb\"},\"inLanguage\":\"en-GB\",\"potentialAction\":[{\"@type\":\"ReadAction\",\"target\":[\"https:\\\/\\\/targeteventos.com\\\/contacto\\\/\"]}]},{\"@type\":\"BreadcrumbList\",\"@id\":\"https:\\\/\\\/targeteventos.com\\\/contacto\\\/#breadcrumb\",\"itemListElement\":[{\"@type\":\"ListItem\",\"position\":1,\"name\":\"Portada\",\"item\":\"https:\\\/\\\/targeteventos.com\\\/\"},{\"@type\":\"ListItem\",\"position\":2,\"name\":\"Contacto\"}]},{\"@type\":\"WebSite\",\"@id\":\"https:\\\/\\\/targeteventos.com\\\/#website\",\"url\":\"https:\\\/\\\/targeteventos.com\\\/\",\"name\":\"Organizaci\u00f3n de ferias y eventos - Target Eventos\",\"description\":\"Target Eventos Especiales, se especializa en la concepci\u00f3n, desarrollo y gesti\u00f3n de muestras y exposiciones: Gesti\u00f3n, Licitaci\u00f3n y Organizaci\u00f3n de Ferias, asesoramiento y montaje de ferias, eventos y mercadillos. Gesti\u00f3n de Mercados Municipales y Ferias Comerciales.\",\"publisher\":{\"@id\":\"https:\\\/\\\/targeteventos.com\\\/#organization\"},\"potentialAction\":[{\"@type\":\"SearchAction\",\"target\":{\"@type\":\"EntryPoint\",\"urlTemplate\":\"https:\\\/\\\/targeteventos.com\\\/?s={search_term_string}\"},\"query-input\":{\"@type\":\"PropertyValueSpecification\",\"valueRequired\":true,\"valueName\":\"search_term_string\"}}],\"inLanguage\":\"en-GB\"},{\"@type\":\"Organization\",\"@id\":\"https:\\\/\\\/targeteventos.com\\\/#organization\",\"name\":\"Organizaci\u00f3n de ferias y eventos - Target Eventos\",\"url\":\"https:\\\/\\\/targeteventos.com\\\/\",\"logo\":{\"@type\":\"ImageObject\",\"inLanguage\":\"en-GB\",\"@id\":\"https:\\\/\\\/targeteventos.com\\\/#\\\/schema\\\/logo\\\/image\\\/\",\"url\":\"https:\\\/\\\/targeteventos.com\\\/wp-content\\\/uploads\\\/2023\\\/05\\\/logotarget2.png\",\"contentUrl\":\"https:\\\/\\\/targeteventos.com\\\/wp-content\\\/uploads\\\/2023\\\/05\\\/logotarget2.png\",\"width\":3238,\"height\":1021,\"caption\":\"Organizaci\u00f3n de ferias y eventos - Target Eventos\"},\"image\":{\"@id\":\"https:\\\/\\\/targeteventos.com\\\/#\\\/schema\\\/logo\\\/image\\\/\"}}]}<\/script>\n<!-- \/ Yoast SEO plugin. -->","yoast_head_json":{"title":"Contacto - Organizaci\u00f3n de ferias y eventos - Target Eventos","robots":{"index":"index","follow":"follow","max-snippet":"max-snippet:-1","max-image-preview":"max-image-preview:large","max-video-preview":"max-video-preview:-1"},"canonical":"https:\/\/targeteventos.com\/en\/contacto\/","og_locale":"en_GB","og_type":"article","og_title":"Contacto - Organizaci\u00f3n de ferias y eventos - Target Eventos","og_description":"Contacto Si deseas realizar consultas sobre nuestros eventos, obtener informaci\u00f3n sobre colaboraciones u ofrecer tus servicios, te invitamos a contactarnos a trav\u00e9s de nuestro formulario de contacto. Para reservar espacio, te recomendamos que llames a nuestra oficina o al departamento comercial a trav\u00e9s de los n\u00fameros de tel\u00e9fono proporcionados. Recuerda que si ya conoces nuestras [&hellip;]","og_url":"https:\/\/targeteventos.com\/en\/contacto\/","og_site_name":"Organizaci\u00f3n de ferias y eventos - Target Eventos","article_modified_time":"2023-07-05T11:28:00+00:00","twitter_card":"summary_large_image","twitter_misc":{"Estimated reading time":"1 minute"},"schema":{"@context":"https:\/\/schema.org","@graph":[{"@type":"WebPage","@id":"https:\/\/targeteventos.com\/contacto\/","url":"https:\/\/targeteventos.com\/contacto\/","name":"Contacto - Organizaci\u00f3n de ferias y eventos - Target Eventos","isPartOf":{"@id":"https:\/\/targeteventos.com\/#website"},"datePublished":"2023-05-09T20:11:08+00:00","dateModified":"2023-07-05T11:28:00+00:00","breadcrumb":{"@id":"https:\/\/targeteventos.com\/contacto\/#breadcrumb"},"inLanguage":"en-GB","potentialAction":[{"@type":"ReadAction","target":["https:\/\/targeteventos.com\/contacto\/"]}]},{"@type":"BreadcrumbList","@id":"https:\/\/targeteventos.com\/contacto\/#breadcrumb","itemListElement":[{"@type":"ListItem","position":1,"name":"Portada","item":"https:\/\/targeteventos.com\/"},{"@type":"ListItem","position":2,"name":"Contacto"}]},{"@type":"WebSite","@id":"https:\/\/targeteventos.com\/#website","url":"https:\/\/targeteventos.com\/","name":"Organizaci\u00f3n de ferias y eventos - Target Eventos","description":"Target Eventos Especiales, se especializa en la concepci\u00f3n, desarrollo y gesti\u00f3n de muestras y exposiciones: Gesti\u00f3n, Licitaci\u00f3n y Organizaci\u00f3n de Ferias, asesoramiento y montaje de ferias, eventos y mercadillos. Gesti\u00f3n de Mercados Municipales y Ferias Comerciales.","publisher":{"@id":"https:\/\/targeteventos.com\/#organization"},"potentialAction":[{"@type":"SearchAction","target":{"@type":"EntryPoint","urlTemplate":"https:\/\/targeteventos.com\/?s={search_term_string}"},"query-input":{"@type":"PropertyValueSpecification","valueRequired":true,"valueName":"search_term_string"}}],"inLanguage":"en-GB"},{"@type":"Organization","@id":"https:\/\/targeteventos.com\/#organization","name":"Organizaci\u00f3n de ferias y eventos - Target Eventos","url":"https:\/\/targeteventos.com\/","logo":{"@type":"ImageObject","inLanguage":"en-GB","@id":"https:\/\/targeteventos.com\/#\/schema\/logo\/image\/","url":"https:\/\/targeteventos.com\/wp-content\/uploads\/2023\/05\/logotarget2.png","contentUrl":"https:\/\/targeteventos.com\/wp-content\/uploads\/2023\/05\/logotarget2.png","width":3238,"height":1021,"caption":"Organizaci\u00f3n de ferias y eventos - Target Eventos"},"image":{"@id":"https:\/\/targeteventos.com\/#\/schema\/logo\/image\/"}}]}},"_links":{"self":[{"href":"https:\/\/targeteventos.com\/en\/wp-json\/wp\/v2\/pages\/516","targetHints":{"allow":["GET"]}}],"collection":[{"href":"https:\/\/targeteventos.com\/en\/wp-json\/wp\/v2\/pages"}],"about":[{"href":"https:\/\/targeteventos.com\/en\/wp-json\/wp\/v2\/types\/page"}],"author":[{"embeddable":true,"href":"https:\/\/targeteventos.com\/en\/wp-json\/wp\/v2\/users\/2"}],"replies":[{"embeddable":true,"href":"https:\/\/targeteventos.com\/en\/wp-json\/wp\/v2\/comments?post=516"}],"version-history":[{"count":34,"href":"https:\/\/targeteventos.com\/en\/wp-json\/wp\/v2\/pages\/516\/revisions"}],"predecessor-version":[{"id":890,"href":"https:\/\/targeteventos.com\/en\/wp-json\/wp\/v2\/pages\/516\/revisions\/890"}],"wp:attachment":[{"href":"https:\/\/targeteventos.com\/en\/wp-json\/wp\/v2\/media?parent=516"}],"curies":[{"name":"wp","href":"https:\/\/api.w.org\/{rel}","templated":true}]}}