{"id":558,"date":"2023-05-09T20:27:35","date_gmt":"2023-05-09T20:27:35","guid":{"rendered":"http:\/\/targeteventos.com.s111-117.furanet.com\/?page_id=558"},"modified":"2023-07-05T08:31:53","modified_gmt":"2023-07-05T08:31:53","slug":"politica-de-cookies","status":"publish","type":"page","link":"https:\/\/targeteventos.com\/en\/politica-de-cookies\/","title":{"rendered":"Pol\u00edtica de cookies"},"content":{"rendered":"<div data-elementor-type=\"wp-page\" data-elementor-id=\"558\" class=\"elementor elementor-558\" data-elementor-post-type=\"page\">\n\t\t\t\t\t\t<section class=\"elementor-section elementor-top-section elementor-element elementor-element-7e31a04e elementor-section-height-min-height elementor-section-boxed elementor-section-height-default elementor-section-items-middle\" data-id=\"7e31a04e\" data-element_type=\"section\" data-e-type=\"section\" data-settings=\"{&quot;background_background&quot;:&quot;gradient&quot;}\">\n\t\t\t\t\t\t\t<div class=\"elementor-background-overlay\"><\/div>\n\t\t\t\t\t\t\t<div class=\"elementor-container elementor-column-gap-default\">\n\t\t\t\t\t<div class=\"elementor-column elementor-col-100 elementor-top-column elementor-element elementor-element-24a65ef0\" data-id=\"24a65ef0\" data-element_type=\"column\" data-e-type=\"column\">\n\t\t\t<div class=\"elementor-widget-wrap elementor-element-populated\">\n\t\t\t\t\t\t<div class=\"elementor-element elementor-element-fcb1eef elementor-widget elementor-widget-heading\" data-id=\"fcb1eef\" data-element_type=\"widget\" data-e-type=\"widget\" data-widget_type=\"heading.default\">\n\t\t\t\t<div class=\"elementor-widget-container\">\n\t\t\t\t\t<h1 class=\"elementor-heading-title elementor-size-default\">Pol\u00edtica de cookies<\/h1>\t\t\t\t<\/div>\n\t\t\t\t<\/div>\n\t\t\t\t\t<\/div>\n\t\t<\/div>\n\t\t\t\t\t<\/div>\n\t\t<\/section>\n\t\t\t\t<section class=\"elementor-section elementor-top-section elementor-element elementor-element-490849db elementor-section-boxed elementor-section-height-default elementor-section-height-default\" data-id=\"490849db\" data-element_type=\"section\" data-e-type=\"section\">\n\t\t\t\t\t\t<div class=\"elementor-container elementor-column-gap-default\">\n\t\t\t\t\t<div class=\"elementor-column elementor-col-100 elementor-top-column elementor-element elementor-element-4ce33f37\" data-id=\"4ce33f37\" data-element_type=\"column\" data-e-type=\"column\">\n\t\t\t<div class=\"elementor-widget-wrap elementor-element-populated\">\n\t\t\t\t\t\t<div class=\"elementor-element elementor-element-4d583196 elementor-widget elementor-widget-text-editor\" data-id=\"4d583196\" data-element_type=\"widget\" data-e-type=\"widget\" data-widget_type=\"text-editor.default\">\n\t\t\t\t<div class=\"elementor-widget-container\">\n\t\t\t\t\t\t\t\t\t<p>La presente Pol\u00edtica de Cookies establece el uso y tratamiento de cookies en el sitio web de Target Eventos Especiales. Al utilizar nuestro sitio web, usted acepta el uso de cookies de acuerdo con esta pol\u00edtica. Si no est\u00e1 de acuerdo con el empleo de cookies, le recomendamos que ajuste la configuraci\u00f3n de su navegador para disfrutar de una experiencia completa.<\/p><p><strong>\u00bfQu\u00e9 son las cookies?<\/strong><\/p><p>Las cookies son peque\u00f1os archivos de texto que se almacenan en su dispositivo cuando visita un sitio web. Estas cookies contienen informaci\u00f3n que se emplea para mejorar la experiencia de navegaci\u00f3n y obtener datos estad\u00edsticos sobre c\u00f3mo se utiliza el sitio web.<\/p><p><strong>Utilizaci\u00f3n de cookies<\/strong><\/p><p>En Target Eventos Especiales empleamos cookies para diversos fines, que incluyen, entre otros:<\/p><p>Mejorar la funcionalidad del sitio web y proporcionarle una experiencia de navegaci\u00f3n personalizada.<\/p><p>Recopilar datos estad\u00edsticos sobre el uso del sitio web para mejorar su rendimiento y adaptarlo a las preferencias de nuestros usuarios.<\/p><p>Proporcionar publicidad relevante y personalizada basada en sus intereses y actividades de navegaci\u00f3n.<\/p><p><strong>Tipos de cookies empleadas<\/strong><\/p><p>Cookies esenciales: Estas cookies son necesarias para el funcionamiento b\u00e1sico del sitio web y le permiten navegar por el mismo y usar sus funciones esenciales, como acceder a \u00e1reas seguras del sitio web.<\/p><p>Cookies de rendimiento: Estas cookies recopilan informaci\u00f3n sobre c\u00f3mo los visitantes utilizan el sitio web, como las p\u00e1ginas visitadas con mayor frecuencia y si reciben mensajes de error. Estas cookies se usan para mejorar el rendimiento y la funcionalidad del sitio web.<\/p><p>Cookies de funcionalidad: Estas cookies permiten que el sitio web recuerde las elecciones que ha realizado (como su nombre de usuario, idioma o regi\u00f3n) y proporcionen caracter\u00edsticas mejoradas y m\u00e1s personalizadas.<\/p><p>Cookies de publicidad: Estas cookies se utilizan para ofrecerle anuncios m\u00e1s relevantes para sus intereses. Tambi\u00e9n se emplean para limitar la frecuencia con la que se muestra un anuncio y para medir la efectividad de las campa\u00f1as publicitarias.<\/p><p><strong>Configuraci\u00f3n de cookies y preferencias<\/strong><\/p><p>Puede configurar su navegador para aceptar o rechazar todas las cookies, o para que le avise cada vez que se env\u00ede una cookie. Tambi\u00e9n puede eliminar las cookies almacenadas en su dispositivo en cualquier momento. Tenga en cuenta que si bloquea o elimina cookies, es posible que algunas partes del sitio web no funcionen correctamente.<\/p><p>En los siguientes enlaces tiene a su disposici\u00f3n toda la informaci\u00f3n para configurar o deshabilitar las cookies en cada navegador:<\/p><ul><li>Google Chrome<\/li><li>Mozilla Firefox<\/li><li>Internet Explorer<\/li><li>Safari<\/li><li>Safari para IOS (iPhone y iPad)<\/li><li>Chrome para Android<\/li><\/ul><p><strong>Datos de contacto<\/strong><\/p><p>Si tiene alguna pregunta o inquietud acerca de nuestra Pol\u00edtica de Cookies, puede ponerse en contacto con nosotros utilizando la siguiente informaci\u00f3n:<\/p><p>Raz\u00f3n o denominaci\u00f3n social: Target Eventos Especiales, SL<\/p><p>Domicilio social y fiscal: Calle Manuel Pombo Angulo, N\u00famero 18, Planta Baja, Puerta 4-5, CP 28050 Madrid (Madrid)<\/p><p>CIF: B82255472<\/p><p>Le recomendamos que consulte tambi\u00e9n nuestra Pol\u00edtica de Privacidad para obtener informaci\u00f3n adicional sobre c\u00f3mo recopilamos, empleamos y protegemos sus datos personales.<\/p><p>Nos reservamos el derecho de actualizar o modificar esta Pol\u00edtica de Cookies en cualquier momento. Le recomendamos que revise esta p\u00e1gina peri\u00f3dicamente para obtener la versi\u00f3n m\u00e1s actualizada. Al continuar utilizando nuestro sitio web, usted acepta los t\u00e9rminos y condiciones establecidos en esta Pol\u00edtica de Cookies.<\/p>\t\t\t\t\t\t\t\t<\/div>\n\t\t\t\t<\/div>\n\t\t\t\t\t<\/div>\n\t\t<\/div>\n\t\t\t\t\t<\/div>\n\t\t<\/section>\n\t\t\t\t<\/div>","protected":false},"excerpt":{"rendered":"<p>Pol\u00edtica de cookies La presente Pol\u00edtica de Cookies establece el uso y tratamiento de cookies en el sitio web de Target Eventos Especiales. Al utilizar nuestro sitio web, usted acepta el uso de cookies de acuerdo con esta pol\u00edtica. Si no est\u00e1 de acuerdo con el empleo de cookies, le recomendamos que ajuste la configuraci\u00f3n [&hellip;]<\/p>\n","protected":false},"author":2,"featured_media":0,"parent":0,"menu_order":0,"comment_status":"closed","ping_status":"closed","template":"elementor_header_footer","meta":{"om_disable_all_campaigns":false,"_monsterinsights_skip_tracking":false,"_monsterinsights_sitenote_active":false,"_monsterinsights_sitenote_note":"","_monsterinsights_sitenote_category":0,"_uf_show_specific_survey":0,"_uf_disable_surveys":false,"footnotes":""},"class_list":["post-558","page","type-page","status-publish","hentry"],"aioseo_notices":[],"yoast_head":"<!-- This site is optimized with the Yoast SEO plugin v27.3 - https:\/\/yoast.com\/product\/yoast-seo-wordpress\/ -->\n<title>Pol\u00edtica de cookies - Organizaci\u00f3n de ferias y eventos - Target Eventos<\/title>\n<meta name=\"robots\" content=\"index, follow, max-snippet:-1, max-image-preview:large, max-video-preview:-1\" \/>\n<link rel=\"canonical\" href=\"https:\/\/targeteventos.com\/en\/politica-de-cookies\/\" \/>\n<meta property=\"og:locale\" content=\"en_GB\" \/>\n<meta property=\"og:type\" content=\"article\" \/>\n<meta property=\"og:title\" content=\"Pol\u00edtica de cookies - Organizaci\u00f3n de ferias y eventos - Target Eventos\" \/>\n<meta property=\"og:description\" content=\"Pol\u00edtica de cookies La presente Pol\u00edtica de Cookies establece el uso y tratamiento de cookies en el sitio web de Target Eventos Especiales. Al utilizar nuestro sitio web, usted acepta el uso de cookies de acuerdo con esta pol\u00edtica. Si no est\u00e1 de acuerdo con el empleo de cookies, le recomendamos que ajuste la configuraci\u00f3n [&hellip;]\" \/>\n<meta property=\"og:url\" content=\"https:\/\/targeteventos.com\/en\/politica-de-cookies\/\" \/>\n<meta property=\"og:site_name\" content=\"Organizaci\u00f3n de ferias y eventos - Target Eventos\" \/>\n<meta property=\"article:modified_time\" content=\"2023-07-05T08:31:53+00:00\" \/>\n<meta name=\"twitter:card\" content=\"summary_large_image\" \/>\n<meta name=\"twitter:label1\" content=\"Estimated reading time\" \/>\n\t<meta name=\"twitter:data1\" content=\"3 minutes\" \/>\n<script type=\"application\/ld+json\" class=\"yoast-schema-graph\">{\"@context\":\"https:\\\/\\\/schema.org\",\"@graph\":[{\"@type\":\"WebPage\",\"@id\":\"https:\\\/\\\/targeteventos.com\\\/politica-de-cookies\\\/\",\"url\":\"https:\\\/\\\/targeteventos.com\\\/politica-de-cookies\\\/\",\"name\":\"Pol\u00edtica de cookies - Organizaci\u00f3n de ferias y eventos - Target Eventos\",\"isPartOf\":{\"@id\":\"https:\\\/\\\/targeteventos.com\\\/#website\"},\"datePublished\":\"2023-05-09T20:27:35+00:00\",\"dateModified\":\"2023-07-05T08:31:53+00:00\",\"breadcrumb\":{\"@id\":\"https:\\\/\\\/targeteventos.com\\\/politica-de-cookies\\\/#breadcrumb\"},\"inLanguage\":\"en-GB\",\"potentialAction\":[{\"@type\":\"ReadAction\",\"target\":[\"https:\\\/\\\/targeteventos.com\\\/politica-de-cookies\\\/\"]}]},{\"@type\":\"BreadcrumbList\",\"@id\":\"https:\\\/\\\/targeteventos.com\\\/politica-de-cookies\\\/#breadcrumb\",\"itemListElement\":[{\"@type\":\"ListItem\",\"position\":1,\"name\":\"Portada\",\"item\":\"https:\\\/\\\/targeteventos.com\\\/\"},{\"@type\":\"ListItem\",\"position\":2,\"name\":\"Pol\u00edtica de cookies\"}]},{\"@type\":\"WebSite\",\"@id\":\"https:\\\/\\\/targeteventos.com\\\/#website\",\"url\":\"https:\\\/\\\/targeteventos.com\\\/\",\"name\":\"Organizaci\u00f3n de ferias y eventos - Target Eventos\",\"description\":\"Target Eventos Especiales, se especializa en la concepci\u00f3n, desarrollo y gesti\u00f3n de muestras y exposiciones: Gesti\u00f3n, Licitaci\u00f3n y Organizaci\u00f3n de Ferias, asesoramiento y montaje de ferias, eventos y mercadillos. Gesti\u00f3n de Mercados Municipales y Ferias Comerciales.\",\"publisher\":{\"@id\":\"https:\\\/\\\/targeteventos.com\\\/#organization\"},\"potentialAction\":[{\"@type\":\"SearchAction\",\"target\":{\"@type\":\"EntryPoint\",\"urlTemplate\":\"https:\\\/\\\/targeteventos.com\\\/?s={search_term_string}\"},\"query-input\":{\"@type\":\"PropertyValueSpecification\",\"valueRequired\":true,\"valueName\":\"search_term_string\"}}],\"inLanguage\":\"en-GB\"},{\"@type\":\"Organization\",\"@id\":\"https:\\\/\\\/targeteventos.com\\\/#organization\",\"name\":\"Organizaci\u00f3n de ferias y eventos - Target Eventos\",\"url\":\"https:\\\/\\\/targeteventos.com\\\/\",\"logo\":{\"@type\":\"ImageObject\",\"inLanguage\":\"en-GB\",\"@id\":\"https:\\\/\\\/targeteventos.com\\\/#\\\/schema\\\/logo\\\/image\\\/\",\"url\":\"https:\\\/\\\/targeteventos.com\\\/wp-content\\\/uploads\\\/2023\\\/05\\\/logotarget2.png\",\"contentUrl\":\"https:\\\/\\\/targeteventos.com\\\/wp-content\\\/uploads\\\/2023\\\/05\\\/logotarget2.png\",\"width\":3238,\"height\":1021,\"caption\":\"Organizaci\u00f3n de ferias y eventos - Target Eventos\"},\"image\":{\"@id\":\"https:\\\/\\\/targeteventos.com\\\/#\\\/schema\\\/logo\\\/image\\\/\"}}]}<\/script>\n<!-- \/ Yoast SEO plugin. -->","yoast_head_json":{"title":"Pol\u00edtica de cookies - Organizaci\u00f3n de ferias y eventos - Target Eventos","robots":{"index":"index","follow":"follow","max-snippet":"max-snippet:-1","max-image-preview":"max-image-preview:large","max-video-preview":"max-video-preview:-1"},"canonical":"https:\/\/targeteventos.com\/en\/politica-de-cookies\/","og_locale":"en_GB","og_type":"article","og_title":"Pol\u00edtica de cookies - Organizaci\u00f3n de ferias y eventos - Target Eventos","og_description":"Pol\u00edtica de cookies La presente Pol\u00edtica de Cookies establece el uso y tratamiento de cookies en el sitio web de Target Eventos Especiales. Al utilizar nuestro sitio web, usted acepta el uso de cookies de acuerdo con esta pol\u00edtica. Si no est\u00e1 de acuerdo con el empleo de cookies, le recomendamos que ajuste la configuraci\u00f3n [&hellip;]","og_url":"https:\/\/targeteventos.com\/en\/politica-de-cookies\/","og_site_name":"Organizaci\u00f3n de ferias y eventos - Target Eventos","article_modified_time":"2023-07-05T08:31:53+00:00","twitter_card":"summary_large_image","twitter_misc":{"Estimated reading time":"3 minutes"},"schema":{"@context":"https:\/\/schema.org","@graph":[{"@type":"WebPage","@id":"https:\/\/targeteventos.com\/politica-de-cookies\/","url":"https:\/\/targeteventos.com\/politica-de-cookies\/","name":"Pol\u00edtica de cookies - Organizaci\u00f3n de ferias y eventos - Target Eventos","isPartOf":{"@id":"https:\/\/targeteventos.com\/#website"},"datePublished":"2023-05-09T20:27:35+00:00","dateModified":"2023-07-05T08:31:53+00:00","breadcrumb":{"@id":"https:\/\/targeteventos.com\/politica-de-cookies\/#breadcrumb"},"inLanguage":"en-GB","potentialAction":[{"@type":"ReadAction","target":["https:\/\/targeteventos.com\/politica-de-cookies\/"]}]},{"@type":"BreadcrumbList","@id":"https:\/\/targeteventos.com\/politica-de-cookies\/#breadcrumb","itemListElement":[{"@type":"ListItem","position":1,"name":"Portada","item":"https:\/\/targeteventos.com\/"},{"@type":"ListItem","position":2,"name":"Pol\u00edtica de cookies"}]},{"@type":"WebSite","@id":"https:\/\/targeteventos.com\/#website","url":"https:\/\/targeteventos.com\/","name":"Organizaci\u00f3n de ferias y eventos - Target Eventos","description":"Target Eventos Especiales, se especializa en la concepci\u00f3n, desarrollo y gesti\u00f3n de muestras y exposiciones: Gesti\u00f3n, Licitaci\u00f3n y Organizaci\u00f3n de Ferias, asesoramiento y montaje de ferias, eventos y mercadillos. Gesti\u00f3n de Mercados Municipales y Ferias Comerciales.","publisher":{"@id":"https:\/\/targeteventos.com\/#organization"},"potentialAction":[{"@type":"SearchAction","target":{"@type":"EntryPoint","urlTemplate":"https:\/\/targeteventos.com\/?s={search_term_string}"},"query-input":{"@type":"PropertyValueSpecification","valueRequired":true,"valueName":"search_term_string"}}],"inLanguage":"en-GB"},{"@type":"Organization","@id":"https:\/\/targeteventos.com\/#organization","name":"Organizaci\u00f3n de ferias y eventos - Target Eventos","url":"https:\/\/targeteventos.com\/","logo":{"@type":"ImageObject","inLanguage":"en-GB","@id":"https:\/\/targeteventos.com\/#\/schema\/logo\/image\/","url":"https:\/\/targeteventos.com\/wp-content\/uploads\/2023\/05\/logotarget2.png","contentUrl":"https:\/\/targeteventos.com\/wp-content\/uploads\/2023\/05\/logotarget2.png","width":3238,"height":1021,"caption":"Organizaci\u00f3n de ferias y eventos - Target Eventos"},"image":{"@id":"https:\/\/targeteventos.com\/#\/schema\/logo\/image\/"}}]}},"_links":{"self":[{"href":"https:\/\/targeteventos.com\/en\/wp-json\/wp\/v2\/pages\/558","targetHints":{"allow":["GET"]}}],"collection":[{"href":"https:\/\/targeteventos.com\/en\/wp-json\/wp\/v2\/pages"}],"about":[{"href":"https:\/\/targeteventos.com\/en\/wp-json\/wp\/v2\/types\/page"}],"author":[{"embeddable":true,"href":"https:\/\/targeteventos.com\/en\/wp-json\/wp\/v2\/users\/2"}],"replies":[{"embeddable":true,"href":"https:\/\/targeteventos.com\/en\/wp-json\/wp\/v2\/comments?post=558"}],"version-history":[{"count":13,"href":"https:\/\/targeteventos.com\/en\/wp-json\/wp\/v2\/pages\/558\/revisions"}],"predecessor-version":[{"id":866,"href":"https:\/\/targeteventos.com\/en\/wp-json\/wp\/v2\/pages\/558\/revisions\/866"}],"wp:attachment":[{"href":"https:\/\/targeteventos.com\/en\/wp-json\/wp\/v2\/media?parent=558"}],"curies":[{"name":"wp","href":"https:\/\/api.w.org\/{rel}","templated":true}]}}