{"id":577,"date":"2023-05-09T20:38:56","date_gmt":"2023-05-09T20:38:56","guid":{"rendered":"http:\/\/targeteventos.com.s111-117.furanet.com\/?page_id=577"},"modified":"2023-06-15T19:18:26","modified_gmt":"2023-06-15T19:18:26","slug":"blog","status":"publish","type":"page","link":"https:\/\/targeteventos.com\/en\/blog\/","title":{"rendered":"Blog"},"content":{"rendered":"<div data-elementor-type=\"wp-page\" data-elementor-id=\"577\" class=\"elementor elementor-577\" data-elementor-post-type=\"page\">\n\t\t\t\t\t\t<section class=\"elementor-section elementor-top-section elementor-element elementor-element-7e31a04e elementor-section-height-min-height elementor-section-boxed elementor-section-height-default elementor-section-items-middle\" data-id=\"7e31a04e\" data-element_type=\"section\" data-e-type=\"section\" data-settings=\"{&quot;background_background&quot;:&quot;classic&quot;}\">\n\t\t\t\t\t\t\t<div class=\"elementor-background-overlay\"><\/div>\n\t\t\t\t\t\t\t<div class=\"elementor-container elementor-column-gap-default\">\n\t\t\t\t\t<div class=\"elementor-column elementor-col-100 elementor-top-column elementor-element elementor-element-24a65ef0\" data-id=\"24a65ef0\" data-element_type=\"column\" data-e-type=\"column\">\n\t\t\t<div class=\"elementor-widget-wrap elementor-element-populated\">\n\t\t\t\t\t\t<div class=\"elementor-element elementor-element-fcb1eef elementor-widget elementor-widget-heading\" data-id=\"fcb1eef\" data-element_type=\"widget\" data-e-type=\"widget\" data-widget_type=\"heading.default\">\n\t\t\t\t<div class=\"elementor-widget-container\">\n\t\t\t\t\t<h2 class=\"elementor-heading-title elementor-size-default\">Blog<\/h2>\t\t\t\t<\/div>\n\t\t\t\t<\/div>\n\t\t\t\t\t<\/div>\n\t\t<\/div>\n\t\t\t\t\t<\/div>\n\t\t<\/section>\n\t\t\t\t<section class=\"elementor-section elementor-top-section elementor-element elementor-element-490849db elementor-section-boxed elementor-section-height-default elementor-section-height-default\" data-id=\"490849db\" data-element_type=\"section\" data-e-type=\"section\">\n\t\t\t\t\t\t<div class=\"elementor-container elementor-column-gap-default\">\n\t\t\t\t\t<div class=\"elementor-column elementor-col-100 elementor-top-column elementor-element elementor-element-dd20b9e\" data-id=\"dd20b9e\" data-element_type=\"column\" data-e-type=\"column\">\n\t\t\t<div class=\"elementor-widget-wrap elementor-element-populated\">\n\t\t\t\t\t\t<div class=\"elementor-element elementor-element-8b61465 elementor-grid-3 elementor-grid-tablet-2 elementor-grid-mobile-1 elementor-posts--thumbnail-top elementor-card-shadow-yes elementor-posts__hover-gradient elementor-widget elementor-widget-posts\" data-id=\"8b61465\" data-element_type=\"widget\" data-e-type=\"widget\" data-settings=\"{&quot;pagination_type&quot;:&quot;prev_next&quot;,&quot;cards_columns&quot;:&quot;3&quot;,&quot;cards_columns_tablet&quot;:&quot;2&quot;,&quot;cards_columns_mobile&quot;:&quot;1&quot;,&quot;cards_row_gap&quot;:{&quot;unit&quot;:&quot;px&quot;,&quot;size&quot;:35,&quot;sizes&quot;:[]},&quot;cards_row_gap_tablet&quot;:{&quot;unit&quot;:&quot;px&quot;,&quot;size&quot;:&quot;&quot;,&quot;sizes&quot;:[]},&quot;cards_row_gap_mobile&quot;:{&quot;unit&quot;:&quot;px&quot;,&quot;size&quot;:&quot;&quot;,&quot;sizes&quot;:[]}}\" data-widget_type=\"posts.cards\">\n\t\t\t\t<div class=\"elementor-widget-container\">\n\t\t\t\t\t\t\t<div class=\"elementor-posts-container elementor-posts elementor-posts--skin-cards elementor-grid\" role=\"list\">\n\t\t\t\t<article class=\"elementor-post elementor-grid-item post-462 post type-post status-publish format-standard hentry category-noticias\" role=\"listitem\">\n\t\t\t<div class=\"elementor-post__card\">\n\t\t\t\t<a class=\"elementor-post__thumbnail__link\" href=\"https:\/\/targeteventos.com\/en\/lorem-ipsum-1\/\" tabindex=\"-1\" ><div class=\"elementor-post__thumbnail\"><img fetchpriority=\"high\" decoding=\"async\" width=\"1549\" height=\"743\" src=\"https:\/\/targeteventos.com\/wp-content\/uploads\/2023\/05\/post-NOTICIA.jpg\" class=\"attachment-full size-full wp-image-759\" alt=\"\" srcset=\"https:\/\/targeteventos.com\/wp-content\/uploads\/2023\/05\/post-NOTICIA.jpg 1549w, https:\/\/targeteventos.com\/wp-content\/uploads\/2023\/05\/post-NOTICIA-300x144.jpg 300w, https:\/\/targeteventos.com\/wp-content\/uploads\/2023\/05\/post-NOTICIA-1024x491.jpg 1024w, https:\/\/targeteventos.com\/wp-content\/uploads\/2023\/05\/post-NOTICIA-768x368.jpg 768w, https:\/\/targeteventos.com\/wp-content\/uploads\/2023\/05\/post-NOTICIA-1536x737.jpg 1536w, https:\/\/targeteventos.com\/wp-content\/uploads\/2023\/05\/post-NOTICIA-18x9.jpg 18w\" sizes=\"(max-width: 1549px) 100vw, 1549px\" \/><\/div><\/a>\n\t\t\t\t<div class=\"elementor-post__text\">\n\t\t\t\t<h3 class=\"elementor-post__title\">\n\t\t\t<a href=\"https:\/\/targeteventos.com\/en\/lorem-ipsum-1\/\" >\n\t\t\t\tMercados Navide\u00f1os en Madrid 2022: Descubre las Joyas Festivas de la Ciudad\t\t\t<\/a>\n\t\t<\/h3>\n\t\t\t\t<div class=\"elementor-post__excerpt\">\n\t\t\t<p>Los mercados navide\u00f1os que se instalan en plazas y lugares emblem\u00e1ticos de Madrid desempe\u00f1an un papel fundamental durante la temporada navide\u00f1a. Estos eventos ofrecen entretenimiento<\/p>\n\t\t<\/div>\n\t\t\n\t\t<a class=\"elementor-post__read-more\" href=\"https:\/\/targeteventos.com\/en\/lorem-ipsum-1\/\" aria-label=\"Read more about Mercados Navide\u00f1os en Madrid 2022: Descubre las Joyas Festivas de la Ciudad\" tabindex=\"-1\" >\n\t\t\tLeer m\u00e1s \u00bb\t\t<\/a>\n\n\t\t\t\t<\/div>\n\t\t\t\t\t<\/div>\n\t\t<\/article>\n\t\t\t\t<\/div>\n\t\t\n\t\t\t\t\t\t<\/div>\n\t\t\t\t<\/div>\n\t\t\t\t\t<\/div>\n\t\t<\/div>\n\t\t\t\t\t<\/div>\n\t\t<\/section>\n\t\t\t\t<\/div>","protected":false},"excerpt":{"rendered":"<p>Blog<\/p>","protected":false},"author":2,"featured_media":0,"parent":0,"menu_order":0,"comment_status":"closed","ping_status":"closed","template":"elementor_header_footer","meta":{"om_disable_all_campaigns":false,"_monsterinsights_skip_tracking":false,"_monsterinsights_sitenote_active":false,"_monsterinsights_sitenote_note":"","_monsterinsights_sitenote_category":0,"_uf_show_specific_survey":0,"_uf_disable_surveys":false,"footnotes":""},"class_list":["post-577","page","type-page","status-publish","hentry"],"aioseo_notices":[],"yoast_head":"<!-- This site is optimized with the Yoast SEO plugin v27.3 - https:\/\/yoast.com\/product\/yoast-seo-wordpress\/ -->\n<title>Blog - Organizaci\u00f3n de ferias y eventos - Target Eventos<\/title>\n<meta name=\"robots\" content=\"index, follow, max-snippet:-1, max-image-preview:large, max-video-preview:-1\" \/>\n<link rel=\"canonical\" href=\"https:\/\/targeteventos.com\/en\/blog\/\" \/>\n<meta property=\"og:locale\" content=\"en_GB\" \/>\n<meta property=\"og:type\" content=\"article\" \/>\n<meta property=\"og:title\" content=\"Blog - Organizaci\u00f3n de ferias y eventos - Target Eventos\" \/>\n<meta property=\"og:description\" content=\"Blog\" \/>\n<meta property=\"og:url\" content=\"https:\/\/targeteventos.com\/en\/blog\/\" \/>\n<meta property=\"og:site_name\" content=\"Organizaci\u00f3n de ferias y eventos - Target Eventos\" \/>\n<meta property=\"article:modified_time\" content=\"2023-06-15T19:18:26+00:00\" \/>\n<meta name=\"twitter:card\" content=\"summary_large_image\" \/>\n<script type=\"application\/ld+json\" class=\"yoast-schema-graph\">{\"@context\":\"https:\\\/\\\/schema.org\",\"@graph\":[{\"@type\":\"WebPage\",\"@id\":\"https:\\\/\\\/targeteventos.com\\\/blog\\\/\",\"url\":\"https:\\\/\\\/targeteventos.com\\\/blog\\\/\",\"name\":\"Blog - Organizaci\u00f3n de ferias y eventos - Target Eventos\",\"isPartOf\":{\"@id\":\"https:\\\/\\\/targeteventos.com\\\/#website\"},\"datePublished\":\"2023-05-09T20:38:56+00:00\",\"dateModified\":\"2023-06-15T19:18:26+00:00\",\"breadcrumb\":{\"@id\":\"https:\\\/\\\/targeteventos.com\\\/blog\\\/#breadcrumb\"},\"inLanguage\":\"en-GB\",\"potentialAction\":[{\"@type\":\"ReadAction\",\"target\":[\"https:\\\/\\\/targeteventos.com\\\/blog\\\/\"]}]},{\"@type\":\"BreadcrumbList\",\"@id\":\"https:\\\/\\\/targeteventos.com\\\/blog\\\/#breadcrumb\",\"itemListElement\":[{\"@type\":\"ListItem\",\"position\":1,\"name\":\"Portada\",\"item\":\"https:\\\/\\\/targeteventos.com\\\/\"},{\"@type\":\"ListItem\",\"position\":2,\"name\":\"Blog\"}]},{\"@type\":\"WebSite\",\"@id\":\"https:\\\/\\\/targeteventos.com\\\/#website\",\"url\":\"https:\\\/\\\/targeteventos.com\\\/\",\"name\":\"Organizaci\u00f3n de ferias y eventos - Target Eventos\",\"description\":\"Target Eventos Especiales, se especializa en la concepci\u00f3n, desarrollo y gesti\u00f3n de muestras y exposiciones: Gesti\u00f3n, Licitaci\u00f3n y Organizaci\u00f3n de Ferias, asesoramiento y montaje de ferias, eventos y mercadillos. Gesti\u00f3n de Mercados Municipales y Ferias Comerciales.\",\"publisher\":{\"@id\":\"https:\\\/\\\/targeteventos.com\\\/#organization\"},\"potentialAction\":[{\"@type\":\"SearchAction\",\"target\":{\"@type\":\"EntryPoint\",\"urlTemplate\":\"https:\\\/\\\/targeteventos.com\\\/?s={search_term_string}\"},\"query-input\":{\"@type\":\"PropertyValueSpecification\",\"valueRequired\":true,\"valueName\":\"search_term_string\"}}],\"inLanguage\":\"en-GB\"},{\"@type\":\"Organization\",\"@id\":\"https:\\\/\\\/targeteventos.com\\\/#organization\",\"name\":\"Organizaci\u00f3n de ferias y eventos - Target Eventos\",\"url\":\"https:\\\/\\\/targeteventos.com\\\/\",\"logo\":{\"@type\":\"ImageObject\",\"inLanguage\":\"en-GB\",\"@id\":\"https:\\\/\\\/targeteventos.com\\\/#\\\/schema\\\/logo\\\/image\\\/\",\"url\":\"https:\\\/\\\/targeteventos.com\\\/wp-content\\\/uploads\\\/2023\\\/05\\\/logotarget2.png\",\"contentUrl\":\"https:\\\/\\\/targeteventos.com\\\/wp-content\\\/uploads\\\/2023\\\/05\\\/logotarget2.png\",\"width\":3238,\"height\":1021,\"caption\":\"Organizaci\u00f3n de ferias y eventos - Target Eventos\"},\"image\":{\"@id\":\"https:\\\/\\\/targeteventos.com\\\/#\\\/schema\\\/logo\\\/image\\\/\"}}]}<\/script>\n<!-- \/ Yoast SEO plugin. -->","yoast_head_json":{"title":"Blog - Organizaci\u00f3n de ferias y eventos - Target Eventos","robots":{"index":"index","follow":"follow","max-snippet":"max-snippet:-1","max-image-preview":"max-image-preview:large","max-video-preview":"max-video-preview:-1"},"canonical":"https:\/\/targeteventos.com\/en\/blog\/","og_locale":"en_GB","og_type":"article","og_title":"Blog - Organizaci\u00f3n de ferias y eventos - Target Eventos","og_description":"Blog","og_url":"https:\/\/targeteventos.com\/en\/blog\/","og_site_name":"Organizaci\u00f3n de ferias y eventos - Target Eventos","article_modified_time":"2023-06-15T19:18:26+00:00","twitter_card":"summary_large_image","schema":{"@context":"https:\/\/schema.org","@graph":[{"@type":"WebPage","@id":"https:\/\/targeteventos.com\/blog\/","url":"https:\/\/targeteventos.com\/blog\/","name":"Blog - Organizaci\u00f3n de ferias y eventos - Target Eventos","isPartOf":{"@id":"https:\/\/targeteventos.com\/#website"},"datePublished":"2023-05-09T20:38:56+00:00","dateModified":"2023-06-15T19:18:26+00:00","breadcrumb":{"@id":"https:\/\/targeteventos.com\/blog\/#breadcrumb"},"inLanguage":"en-GB","potentialAction":[{"@type":"ReadAction","target":["https:\/\/targeteventos.com\/blog\/"]}]},{"@type":"BreadcrumbList","@id":"https:\/\/targeteventos.com\/blog\/#breadcrumb","itemListElement":[{"@type":"ListItem","position":1,"name":"Portada","item":"https:\/\/targeteventos.com\/"},{"@type":"ListItem","position":2,"name":"Blog"}]},{"@type":"WebSite","@id":"https:\/\/targeteventos.com\/#website","url":"https:\/\/targeteventos.com\/","name":"Organizaci\u00f3n de ferias y eventos - Target Eventos","description":"Target Eventos Especiales, se especializa en la concepci\u00f3n, desarrollo y gesti\u00f3n de muestras y exposiciones: Gesti\u00f3n, Licitaci\u00f3n y Organizaci\u00f3n de Ferias, asesoramiento y montaje de ferias, eventos y mercadillos. Gesti\u00f3n de Mercados Municipales y Ferias Comerciales.","publisher":{"@id":"https:\/\/targeteventos.com\/#organization"},"potentialAction":[{"@type":"SearchAction","target":{"@type":"EntryPoint","urlTemplate":"https:\/\/targeteventos.com\/?s={search_term_string}"},"query-input":{"@type":"PropertyValueSpecification","valueRequired":true,"valueName":"search_term_string"}}],"inLanguage":"en-GB"},{"@type":"Organization","@id":"https:\/\/targeteventos.com\/#organization","name":"Organizaci\u00f3n de ferias y eventos - Target Eventos","url":"https:\/\/targeteventos.com\/","logo":{"@type":"ImageObject","inLanguage":"en-GB","@id":"https:\/\/targeteventos.com\/#\/schema\/logo\/image\/","url":"https:\/\/targeteventos.com\/wp-content\/uploads\/2023\/05\/logotarget2.png","contentUrl":"https:\/\/targeteventos.com\/wp-content\/uploads\/2023\/05\/logotarget2.png","width":3238,"height":1021,"caption":"Organizaci\u00f3n de ferias y eventos - Target Eventos"},"image":{"@id":"https:\/\/targeteventos.com\/#\/schema\/logo\/image\/"}}]}},"_links":{"self":[{"href":"https:\/\/targeteventos.com\/en\/wp-json\/wp\/v2\/pages\/577","targetHints":{"allow":["GET"]}}],"collection":[{"href":"https:\/\/targeteventos.com\/en\/wp-json\/wp\/v2\/pages"}],"about":[{"href":"https:\/\/targeteventos.com\/en\/wp-json\/wp\/v2\/types\/page"}],"author":[{"embeddable":true,"href":"https:\/\/targeteventos.com\/en\/wp-json\/wp\/v2\/users\/2"}],"replies":[{"embeddable":true,"href":"https:\/\/targeteventos.com\/en\/wp-json\/wp\/v2\/comments?post=577"}],"version-history":[{"count":13,"href":"https:\/\/targeteventos.com\/en\/wp-json\/wp\/v2\/pages\/577\/revisions"}],"predecessor-version":[{"id":784,"href":"https:\/\/targeteventos.com\/en\/wp-json\/wp\/v2\/pages\/577\/revisions\/784"}],"wp:attachment":[{"href":"https:\/\/targeteventos.com\/en\/wp-json\/wp\/v2\/media?parent=577"}],"curies":[{"name":"wp","href":"https:\/\/api.w.org\/{rel}","templated":true}]}}